{"id":57,"date":"2025-06-18T16:04:31","date_gmt":"2025-06-18T19:04:31","guid":{"rendered":"https:\/\/www.infraplanconsult.com\/es\/?page_id=57"},"modified":"2025-06-21T11:26:34","modified_gmt":"2025-06-21T14:26:34","slug":"projetos","status":"publish","type":"page","link":"https:\/\/www.infraplanconsult.com\/es\/projetos\/","title":{"rendered":"Proyectos"},"content":{"rendered":"<h1><em>EXPLORE<\/em> NUESTROS PROYECTOS<\/h1>\n<p>Infraplan cuenta con un portafolio de m\u00e1s de 150 proyectos completados, que involucran infraestructuras de transporte en 19 estados diferentes de la federaci\u00f3n.<\/p>\n<p><strong>Conozca un poco m\u00e1s sobre algunos de los trabajos que ya hemos realizado.<\/strong><\/p>\n","protected":false},"excerpt":{"rendered":"<p>EXPLORE NUESTROS PROYECTOS Infraplan cuenta con un portafolio de m\u00e1s de 150 proyectos completados, que involucran infraestructuras de transporte en 19 estados diferentes de la federaci\u00f3n. Conozca un poco m\u00e1s sobre algunos de los trabajos que ya hemos realizado.<\/p>\n","protected":false},"author":1,"featured_media":0,"parent":0,"menu_order":0,"comment_status":"closed","ping_status":"closed","template":"page-projetos.php","meta":{"_acf_changed":false,"footnotes":""},"class_list":["post-57","page","type-page","status-publish","hentry"],"acf":[],"yoast_head":"<!-- This site is optimized with the Yoast SEO plugin v27.2 - https:\/\/yoast.com\/product\/yoast-seo-wordpress\/ -->\n<title>Proyectos - Infraplan Consult<\/title>\n<meta name=\"robots\" content=\"index, follow, max-snippet:-1, max-image-preview:large, max-video-preview:-1\" \/>\n<link rel=\"canonical\" href=\"https:\/\/www.infraplanconsult.com\/es\/projetos\/\" \/>\n<meta property=\"og:locale\" content=\"es_ES\" \/>\n<meta property=\"og:type\" content=\"article\" \/>\n<meta property=\"og:title\" content=\"Proyectos - Infraplan Consult\" \/>\n<meta property=\"og:description\" content=\"EXPLORE NUESTROS PROYECTOS Infraplan cuenta con un portafolio de m\u00e1s de 150 proyectos completados, que involucran infraestructuras de transporte en 19 estados diferentes de la federaci\u00f3n. Conozca un poco m\u00e1s sobre algunos de los trabajos que ya hemos realizado.\" \/>\n<meta property=\"og:url\" content=\"https:\/\/www.infraplanconsult.com\/es\/projetos\/\" \/>\n<meta property=\"og:site_name\" content=\"Infraplan Consult\" \/>\n<meta property=\"article:modified_time\" content=\"2025-06-21T14:26:34+00:00\" \/>\n<meta name=\"twitter:card\" content=\"summary_large_image\" \/>\n<meta name=\"twitter:label1\" content=\"Est. reading time\" \/>\n\t<meta name=\"twitter:data1\" content=\"1 minuto\" \/>\n<script type=\"application\/ld+json\" class=\"yoast-schema-graph\">{\"@context\":\"https:\/\/schema.org\",\"@graph\":[{\"@type\":\"WebPage\",\"@id\":\"https:\/\/www.infraplanconsult.com\/es\/projetos\/\",\"url\":\"https:\/\/www.infraplanconsult.com\/es\/projetos\/\",\"name\":\"Proyectos - Infraplan Consult\",\"isPartOf\":{\"@id\":\"https:\/\/www.infraplanconsult.com\/es\/#website\"},\"datePublished\":\"2025-06-18T19:04:31+00:00\",\"dateModified\":\"2025-06-21T14:26:34+00:00\",\"breadcrumb\":{\"@id\":\"https:\/\/www.infraplanconsult.com\/es\/projetos\/#breadcrumb\"},\"inLanguage\":\"es-PE\",\"potentialAction\":[{\"@type\":\"ReadAction\",\"target\":[\"https:\/\/www.infraplanconsult.com\/es\/projetos\/\"]}]},{\"@type\":\"BreadcrumbList\",\"@id\":\"https:\/\/www.infraplanconsult.com\/es\/projetos\/#breadcrumb\",\"itemListElement\":[{\"@type\":\"ListItem\",\"position\":1,\"name\":\"In\u00edcio\",\"item\":\"https:\/\/www.infraplanconsult.com\/es\/\"},{\"@type\":\"ListItem\",\"position\":2,\"name\":\"Proyectos\"}]},{\"@type\":\"WebSite\",\"@id\":\"https:\/\/www.infraplanconsult.com\/es\/#website\",\"url\":\"https:\/\/www.infraplanconsult.com\/es\/\",\"name\":\"Infraplan Consult\",\"description\":\"El Grupo Infraplan est\u00e1 compuesto por empresas de consultor\u00eda en Brasil, Estados Unidos y Per\u00fa, especializadas en ingenier\u00eda de tr\u00e1fico, transporte y log\u00edstica.\\u2028Contamos con un equipo experimentado y especializado que, gracias a su excelencia t\u00e9cnica, siempre emplea las metodolog\u00edas y tecnolog\u00edas m\u00e1s modernas en los trabajos realizados.\",\"publisher\":{\"@id\":\"https:\/\/www.infraplanconsult.com\/es\/#organization\"},\"potentialAction\":[{\"@type\":\"SearchAction\",\"target\":{\"@type\":\"EntryPoint\",\"urlTemplate\":\"https:\/\/www.infraplanconsult.com\/es\/?s={search_term_string}\"},\"query-input\":{\"@type\":\"PropertyValueSpecification\",\"valueRequired\":true,\"valueName\":\"search_term_string\"}}],\"inLanguage\":\"es-PE\"},{\"@type\":\"Organization\",\"@id\":\"https:\/\/www.infraplanconsult.com\/es\/#organization\",\"name\":\"Infraplan Consult\",\"url\":\"https:\/\/www.infraplanconsult.com\/es\/\",\"logo\":{\"@type\":\"ImageObject\",\"inLanguage\":\"es-PE\",\"@id\":\"https:\/\/www.infraplanconsult.com\/es\/#\/schema\/logo\/image\/\",\"url\":\"https:\/\/www.infraplanconsult.com\/es\/wp-content\/uploads\/sites\/3\/2025\/06\/logo-nova-infraplan.png\",\"contentUrl\":\"https:\/\/www.infraplanconsult.com\/es\/wp-content\/uploads\/sites\/3\/2025\/06\/logo-nova-infraplan.png\",\"width\":1308,\"height\":193,\"caption\":\"Infraplan Consult\"},\"image\":{\"@id\":\"https:\/\/www.infraplanconsult.com\/es\/#\/schema\/logo\/image\/\"}}]}<\/script>\n<!-- \/ Yoast SEO plugin. -->","yoast_head_json":{"title":"Proyectos - Infraplan Consult","robots":{"index":"index","follow":"follow","max-snippet":"max-snippet:-1","max-image-preview":"max-image-preview:large","max-video-preview":"max-video-preview:-1"},"canonical":"https:\/\/www.infraplanconsult.com\/es\/projetos\/","og_locale":"es_ES","og_type":"article","og_title":"Proyectos - Infraplan Consult","og_description":"EXPLORE NUESTROS PROYECTOS Infraplan cuenta con un portafolio de m\u00e1s de 150 proyectos completados, que involucran infraestructuras de transporte en 19 estados diferentes de la federaci\u00f3n. Conozca un poco m\u00e1s sobre algunos de los trabajos que ya hemos realizado.","og_url":"https:\/\/www.infraplanconsult.com\/es\/projetos\/","og_site_name":"Infraplan Consult","article_modified_time":"2025-06-21T14:26:34+00:00","twitter_card":"summary_large_image","twitter_misc":{"Est. reading time":"1 minuto"},"schema":{"@context":"https:\/\/schema.org","@graph":[{"@type":"WebPage","@id":"https:\/\/www.infraplanconsult.com\/es\/projetos\/","url":"https:\/\/www.infraplanconsult.com\/es\/projetos\/","name":"Proyectos - Infraplan Consult","isPartOf":{"@id":"https:\/\/www.infraplanconsult.com\/es\/#website"},"datePublished":"2025-06-18T19:04:31+00:00","dateModified":"2025-06-21T14:26:34+00:00","breadcrumb":{"@id":"https:\/\/www.infraplanconsult.com\/es\/projetos\/#breadcrumb"},"inLanguage":"es-PE","potentialAction":[{"@type":"ReadAction","target":["https:\/\/www.infraplanconsult.com\/es\/projetos\/"]}]},{"@type":"BreadcrumbList","@id":"https:\/\/www.infraplanconsult.com\/es\/projetos\/#breadcrumb","itemListElement":[{"@type":"ListItem","position":1,"name":"In\u00edcio","item":"https:\/\/www.infraplanconsult.com\/es\/"},{"@type":"ListItem","position":2,"name":"Proyectos"}]},{"@type":"WebSite","@id":"https:\/\/www.infraplanconsult.com\/es\/#website","url":"https:\/\/www.infraplanconsult.com\/es\/","name":"Infraplan Consult","description":"El Grupo Infraplan est\u00e1 compuesto por empresas de consultor\u00eda en Brasil, Estados Unidos y Per\u00fa, especializadas en ingenier\u00eda de tr\u00e1fico, transporte y log\u00edstica.\u2028Contamos con un equipo experimentado y especializado que, gracias a su excelencia t\u00e9cnica, siempre emplea las metodolog\u00edas y tecnolog\u00edas m\u00e1s modernas en los trabajos realizados.","publisher":{"@id":"https:\/\/www.infraplanconsult.com\/es\/#organization"},"potentialAction":[{"@type":"SearchAction","target":{"@type":"EntryPoint","urlTemplate":"https:\/\/www.infraplanconsult.com\/es\/?s={search_term_string}"},"query-input":{"@type":"PropertyValueSpecification","valueRequired":true,"valueName":"search_term_string"}}],"inLanguage":"es-PE"},{"@type":"Organization","@id":"https:\/\/www.infraplanconsult.com\/es\/#organization","name":"Infraplan Consult","url":"https:\/\/www.infraplanconsult.com\/es\/","logo":{"@type":"ImageObject","inLanguage":"es-PE","@id":"https:\/\/www.infraplanconsult.com\/es\/#\/schema\/logo\/image\/","url":"https:\/\/www.infraplanconsult.com\/es\/wp-content\/uploads\/sites\/3\/2025\/06\/logo-nova-infraplan.png","contentUrl":"https:\/\/www.infraplanconsult.com\/es\/wp-content\/uploads\/sites\/3\/2025\/06\/logo-nova-infraplan.png","width":1308,"height":193,"caption":"Infraplan Consult"},"image":{"@id":"https:\/\/www.infraplanconsult.com\/es\/#\/schema\/logo\/image\/"}}]}},"_links":{"self":[{"href":"https:\/\/www.infraplanconsult.com\/es\/wp-json\/wp\/v2\/pages\/57","targetHints":{"allow":["GET"]}}],"collection":[{"href":"https:\/\/www.infraplanconsult.com\/es\/wp-json\/wp\/v2\/pages"}],"about":[{"href":"https:\/\/www.infraplanconsult.com\/es\/wp-json\/wp\/v2\/types\/page"}],"author":[{"embeddable":true,"href":"https:\/\/www.infraplanconsult.com\/es\/wp-json\/wp\/v2\/users\/1"}],"replies":[{"embeddable":true,"href":"https:\/\/www.infraplanconsult.com\/es\/wp-json\/wp\/v2\/comments?post=57"}],"version-history":[{"count":3,"href":"https:\/\/www.infraplanconsult.com\/es\/wp-json\/wp\/v2\/pages\/57\/revisions"}],"predecessor-version":[{"id":60,"href":"https:\/\/www.infraplanconsult.com\/es\/wp-json\/wp\/v2\/pages\/57\/revisions\/60"}],"wp:attachment":[{"href":"https:\/\/www.infraplanconsult.com\/es\/wp-json\/wp\/v2\/media?parent=57"}],"curies":[{"name":"wp","href":"https:\/\/api.w.org\/{rel}","templated":true}]}}