{"id":45,"date":"2025-06-18T13:32:28","date_gmt":"2025-06-18T16:32:28","guid":{"rendered":"https:\/\/www.infraplanconsult.com\/es\/?page_id=45"},"modified":"2026-03-10T11:37:12","modified_gmt":"2026-03-10T14:37:12","slug":"infraplan-consult","status":"publish","type":"page","link":"https:\/\/www.infraplanconsult.com\/es\/","title":{"rendered":"Infraplan Consult"},"content":{"rendered":"","protected":false},"excerpt":{"rendered":"","protected":false},"author":1,"featured_media":0,"parent":0,"menu_order":0,"comment_status":"closed","ping_status":"closed","template":"page-home.php","meta":{"_acf_changed":false,"footnotes":""},"class_list":["post-45","page","type-page","status-publish","hentry"],"acf":[],"yoast_head":"<!-- This site is optimized with the Yoast SEO plugin v27.2 - https:\/\/yoast.com\/product\/yoast-seo-wordpress\/ -->\n<title>Infraplan Consult - Infraplan Consult<\/title>\n<meta name=\"robots\" content=\"index, follow, max-snippet:-1, max-image-preview:large, max-video-preview:-1\" \/>\n<link rel=\"canonical\" href=\"https:\/\/www.infraplanconsult.com\/es\/\" \/>\n<meta property=\"og:locale\" content=\"es_ES\" \/>\n<meta property=\"og:type\" content=\"article\" \/>\n<meta property=\"og:title\" content=\"Infraplan Consult - Infraplan Consult\" \/>\n<meta property=\"og:url\" content=\"https:\/\/www.infraplanconsult.com\/es\/\" \/>\n<meta property=\"og:site_name\" content=\"Infraplan Consult\" \/>\n<meta property=\"article:modified_time\" content=\"2026-03-10T14:37:12+00:00\" \/>\n<meta name=\"twitter:card\" content=\"summary_large_image\" \/>\n<script type=\"application\/ld+json\" class=\"yoast-schema-graph\">{\"@context\":\"https:\/\/schema.org\",\"@graph\":[{\"@type\":\"WebPage\",\"@id\":\"https:\/\/www.infraplanconsult.com\/es\/\",\"url\":\"https:\/\/www.infraplanconsult.com\/es\/\",\"name\":\"Infraplan Consult - Infraplan Consult\",\"isPartOf\":{\"@id\":\"https:\/\/www.infraplanconsult.com\/es\/#website\"},\"datePublished\":\"2025-06-18T16:32:28+00:00\",\"dateModified\":\"2026-03-10T14:37:12+00:00\",\"breadcrumb\":{\"@id\":\"https:\/\/www.infraplanconsult.com\/es\/#breadcrumb\"},\"inLanguage\":\"es-PE\",\"potentialAction\":[{\"@type\":\"ReadAction\",\"target\":[\"https:\/\/www.infraplanconsult.com\/es\/\"]}]},{\"@type\":\"BreadcrumbList\",\"@id\":\"https:\/\/www.infraplanconsult.com\/es\/#breadcrumb\",\"itemListElement\":[{\"@type\":\"ListItem\",\"position\":1,\"name\":\"In\u00edcio\",\"item\":\"https:\/\/www.infraplanconsult.com\/es\/\"},{\"@type\":\"ListItem\",\"position\":2,\"name\":\"Infraplan Consult\"}]},{\"@type\":\"WebSite\",\"@id\":\"https:\/\/www.infraplanconsult.com\/es\/#website\",\"url\":\"https:\/\/www.infraplanconsult.com\/es\/\",\"name\":\"Infraplan Consult\",\"description\":\"El Grupo Infraplan est\u00e1 compuesto por empresas de consultor\u00eda en Brasil, Estados Unidos y Per\u00fa, especializadas en ingenier\u00eda de tr\u00e1fico, transporte y log\u00edstica.\\u2028Contamos con un equipo experimentado y especializado que, gracias a su excelencia t\u00e9cnica, siempre emplea las metodolog\u00edas y tecnolog\u00edas m\u00e1s modernas en los trabajos realizados.\",\"publisher\":{\"@id\":\"https:\/\/www.infraplanconsult.com\/es\/#organization\"},\"potentialAction\":[{\"@type\":\"SearchAction\",\"target\":{\"@type\":\"EntryPoint\",\"urlTemplate\":\"https:\/\/www.infraplanconsult.com\/es\/?s={search_term_string}\"},\"query-input\":{\"@type\":\"PropertyValueSpecification\",\"valueRequired\":true,\"valueName\":\"search_term_string\"}}],\"inLanguage\":\"es-PE\"},{\"@type\":\"Organization\",\"@id\":\"https:\/\/www.infraplanconsult.com\/es\/#organization\",\"name\":\"Infraplan Consult\",\"url\":\"https:\/\/www.infraplanconsult.com\/es\/\",\"logo\":{\"@type\":\"ImageObject\",\"inLanguage\":\"es-PE\",\"@id\":\"https:\/\/www.infraplanconsult.com\/es\/#\/schema\/logo\/image\/\",\"url\":\"https:\/\/www.infraplanconsult.com\/es\/wp-content\/uploads\/sites\/3\/2025\/06\/logo-nova-infraplan.png\",\"contentUrl\":\"https:\/\/www.infraplanconsult.com\/es\/wp-content\/uploads\/sites\/3\/2025\/06\/logo-nova-infraplan.png\",\"width\":1308,\"height\":193,\"caption\":\"Infraplan Consult\"},\"image\":{\"@id\":\"https:\/\/www.infraplanconsult.com\/es\/#\/schema\/logo\/image\/\"}}]}<\/script>\n<!-- \/ Yoast SEO plugin. -->","yoast_head_json":{"title":"Infraplan Consult - Infraplan Consult","robots":{"index":"index","follow":"follow","max-snippet":"max-snippet:-1","max-image-preview":"max-image-preview:large","max-video-preview":"max-video-preview:-1"},"canonical":"https:\/\/www.infraplanconsult.com\/es\/","og_locale":"es_ES","og_type":"article","og_title":"Infraplan Consult - Infraplan Consult","og_url":"https:\/\/www.infraplanconsult.com\/es\/","og_site_name":"Infraplan Consult","article_modified_time":"2026-03-10T14:37:12+00:00","twitter_card":"summary_large_image","schema":{"@context":"https:\/\/schema.org","@graph":[{"@type":"WebPage","@id":"https:\/\/www.infraplanconsult.com\/es\/","url":"https:\/\/www.infraplanconsult.com\/es\/","name":"Infraplan Consult - Infraplan Consult","isPartOf":{"@id":"https:\/\/www.infraplanconsult.com\/es\/#website"},"datePublished":"2025-06-18T16:32:28+00:00","dateModified":"2026-03-10T14:37:12+00:00","breadcrumb":{"@id":"https:\/\/www.infraplanconsult.com\/es\/#breadcrumb"},"inLanguage":"es-PE","potentialAction":[{"@type":"ReadAction","target":["https:\/\/www.infraplanconsult.com\/es\/"]}]},{"@type":"BreadcrumbList","@id":"https:\/\/www.infraplanconsult.com\/es\/#breadcrumb","itemListElement":[{"@type":"ListItem","position":1,"name":"In\u00edcio","item":"https:\/\/www.infraplanconsult.com\/es\/"},{"@type":"ListItem","position":2,"name":"Infraplan Consult"}]},{"@type":"WebSite","@id":"https:\/\/www.infraplanconsult.com\/es\/#website","url":"https:\/\/www.infraplanconsult.com\/es\/","name":"Infraplan Consult","description":"El Grupo Infraplan est\u00e1 compuesto por empresas de consultor\u00eda en Brasil, Estados Unidos y Per\u00fa, especializadas en ingenier\u00eda de tr\u00e1fico, transporte y log\u00edstica.\u2028Contamos con un equipo experimentado y especializado que, gracias a su excelencia t\u00e9cnica, siempre emplea las metodolog\u00edas y tecnolog\u00edas m\u00e1s modernas en los trabajos realizados.","publisher":{"@id":"https:\/\/www.infraplanconsult.com\/es\/#organization"},"potentialAction":[{"@type":"SearchAction","target":{"@type":"EntryPoint","urlTemplate":"https:\/\/www.infraplanconsult.com\/es\/?s={search_term_string}"},"query-input":{"@type":"PropertyValueSpecification","valueRequired":true,"valueName":"search_term_string"}}],"inLanguage":"es-PE"},{"@type":"Organization","@id":"https:\/\/www.infraplanconsult.com\/es\/#organization","name":"Infraplan Consult","url":"https:\/\/www.infraplanconsult.com\/es\/","logo":{"@type":"ImageObject","inLanguage":"es-PE","@id":"https:\/\/www.infraplanconsult.com\/es\/#\/schema\/logo\/image\/","url":"https:\/\/www.infraplanconsult.com\/es\/wp-content\/uploads\/sites\/3\/2025\/06\/logo-nova-infraplan.png","contentUrl":"https:\/\/www.infraplanconsult.com\/es\/wp-content\/uploads\/sites\/3\/2025\/06\/logo-nova-infraplan.png","width":1308,"height":193,"caption":"Infraplan Consult"},"image":{"@id":"https:\/\/www.infraplanconsult.com\/es\/#\/schema\/logo\/image\/"}}]}},"_links":{"self":[{"href":"https:\/\/www.infraplanconsult.com\/es\/wp-json\/wp\/v2\/pages\/45","targetHints":{"allow":["GET"]}}],"collection":[{"href":"https:\/\/www.infraplanconsult.com\/es\/wp-json\/wp\/v2\/pages"}],"about":[{"href":"https:\/\/www.infraplanconsult.com\/es\/wp-json\/wp\/v2\/types\/page"}],"author":[{"embeddable":true,"href":"https:\/\/www.infraplanconsult.com\/es\/wp-json\/wp\/v2\/users\/1"}],"replies":[{"embeddable":true,"href":"https:\/\/www.infraplanconsult.com\/es\/wp-json\/wp\/v2\/comments?post=45"}],"version-history":[{"count":14,"href":"https:\/\/www.infraplanconsult.com\/es\/wp-json\/wp\/v2\/pages\/45\/revisions"}],"predecessor-version":[{"id":1144,"href":"https:\/\/www.infraplanconsult.com\/es\/wp-json\/wp\/v2\/pages\/45\/revisions\/1144"}],"wp:attachment":[{"href":"https:\/\/www.infraplanconsult.com\/es\/wp-json\/wp\/v2\/media?parent=45"}],"curies":[{"name":"wp","href":"https:\/\/api.w.org\/{rel}","templated":true}]}}